{"id":40,"date":"2022-01-27T09:22:47","date_gmt":"2022-01-27T08:22:47","guid":{"rendered":"https:\/\/demosites.royal-elementor-addons.com\/photography-v2\/?page_id=40"},"modified":"2023-07-07T19:35:38","modified_gmt":"2023-07-07T17:35:38","slug":"about-2","status":"publish","type":"page","link":"https:\/\/katharinazull.com\/de\/about-2\/","title":{"rendered":"+ About"},"content":{"rendered":"<div data-elementor-type=\"wp-page\" data-elementor-id=\"40\" class=\"elementor elementor-40\">\n\t\t\t\t\t\t\t\t\t<section class=\"elementor-section elementor-top-section elementor-element elementor-element-c9bb409 elementor-section-boxed elementor-section-height-default elementor-section-height-default wpr-particle-no wpr-jarallax-no wpr-parallax-no wpr-sticky-section-no\" data-id=\"c9bb409\" data-element_type=\"section\">\n\t\t\t\t\t\t<div class=\"elementor-container elementor-column-gap-default\">\n\t\t\t\t\t<div class=\"elementor-column elementor-col-100 elementor-top-column elementor-element elementor-element-b92b185\" data-id=\"b92b185\" data-element_type=\"column\">\n\t\t\t<div class=\"elementor-widget-wrap elementor-element-populated\">\n\t\t\t\t\t\t\t\t<section class=\"elementor-section elementor-inner-section elementor-element elementor-element-cf98dec elementor-section-boxed elementor-section-height-default elementor-section-height-default wpr-particle-no wpr-jarallax-no wpr-parallax-no wpr-sticky-section-no\" data-id=\"cf98dec\" data-element_type=\"section\">\n\t\t\t\t\t\t<div class=\"elementor-container elementor-column-gap-default\">\n\t\t\t\t\t<div class=\"elementor-column elementor-col-50 elementor-inner-column elementor-element elementor-element-55d2f7b\" data-id=\"55d2f7b\" data-element_type=\"column\">\n\t\t\t<div class=\"elementor-widget-wrap elementor-element-populated\">\n\t\t\t\t\t\t\t\t<div class=\"elementor-element elementor-element-0091875 elementor-widget elementor-widget-image\" data-id=\"0091875\" data-element_type=\"widget\" data-widget_type=\"image.default\">\n\t\t\t\t<div class=\"elementor-widget-container\">\n\t\t\t<style>\/*! elementor - v3.17.0 - 25-10-2023 *\/\n.elementor-widget-image{text-align:center}.elementor-widget-image a{display:inline-block}.elementor-widget-image a img[src$=\".svg\"]{width:48px}.elementor-widget-image img{vertical-align:middle;display:inline-block}<\/style>\t\t\t\t\t\t\t\t\t\t\t\t<img decoding=\"async\" width=\"674\" height=\"1024\" src=\"https:\/\/katharinazull.com\/wp-content\/uploads\/2023\/06\/Bildschirmfoto-2023-06-24-um-20.09.34-674x1024.png\" class=\"attachment-large size-large wp-image-4899\" alt=\"\" loading=\"lazy\" srcset=\"https:\/\/katharinazull.com\/wp-content\/uploads\/2023\/06\/Bildschirmfoto-2023-06-24-um-20.09.34-674x1024.png 674w, https:\/\/katharinazull.com\/wp-content\/uploads\/2023\/06\/Bildschirmfoto-2023-06-24-um-20.09.34-197x300.png 197w, https:\/\/katharinazull.com\/wp-content\/uploads\/2023\/06\/Bildschirmfoto-2023-06-24-um-20.09.34-768x1167.png 768w, https:\/\/katharinazull.com\/wp-content\/uploads\/2023\/06\/Bildschirmfoto-2023-06-24-um-20.09.34-1011x1536.png 1011w, https:\/\/katharinazull.com\/wp-content\/uploads\/2023\/06\/Bildschirmfoto-2023-06-24-um-20.09.34-8x12.png 8w, https:\/\/katharinazull.com\/wp-content\/uploads\/2023\/06\/Bildschirmfoto-2023-06-24-um-20.09.34.png 1052w\" sizes=\"(max-width: 674px) 100vw, 674px\" \/>\t\t\t\t\t\t\t\t\t\t\t\t\t\t\t<\/div>\n\t\t\t\t<\/div>\n\t\t\t\t\t<\/div>\n\t\t<\/div>\n\t\t\t\t<div class=\"elementor-column elementor-col-50 elementor-inner-column elementor-element elementor-element-f7994bb\" data-id=\"f7994bb\" data-element_type=\"column\">\n\t\t\t<div class=\"elementor-widget-wrap elementor-element-populated\">\n\t\t\t\t\t\t\t\t<div class=\"elementor-element elementor-element-d10b3f8 elementor-widget elementor-widget-heading\" data-id=\"d10b3f8\" data-element_type=\"widget\" data-widget_type=\"heading.default\">\n\t\t\t\t<div class=\"elementor-widget-container\">\n\t\t\t<style>\/*! elementor - v3.17.0 - 25-10-2023 *\/\n.elementor-heading-title{padding:0;margin:0;line-height:1}.elementor-widget-heading .elementor-heading-title[class*=elementor-size-]>a{color:inherit;font-size:inherit;line-height:inherit}.elementor-widget-heading .elementor-heading-title.elementor-size-small{font-size:15px}.elementor-widget-heading .elementor-heading-title.elementor-size-medium{font-size:19px}.elementor-widget-heading .elementor-heading-title.elementor-size-large{font-size:29px}.elementor-widget-heading .elementor-heading-title.elementor-size-xl{font-size:39px}.elementor-widget-heading .elementor-heading-title.elementor-size-xxl{font-size:59px}<\/style><h2 class=\"elementor-heading-title elementor-size-default\">Katharina Zull<\/h2>\t\t<\/div>\n\t\t\t\t<\/div>\n\t\t\t\t<div class=\"elementor-element elementor-element-058794e elementor-widget elementor-widget-text-editor\" data-id=\"058794e\" data-element_type=\"widget\" data-widget_type=\"text-editor.default\">\n\t\t\t\t<div class=\"elementor-widget-container\">\n\t\t\t<style>\/*! elementor - v3.17.0 - 25-10-2023 *\/\n.elementor-widget-text-editor.elementor-drop-cap-view-stacked .elementor-drop-cap{background-color:#69727d;color:#fff}.elementor-widget-text-editor.elementor-drop-cap-view-framed .elementor-drop-cap{color:#69727d;border:3px solid;background-color:transparent}.elementor-widget-text-editor:not(.elementor-drop-cap-view-default) .elementor-drop-cap{margin-top:8px}.elementor-widget-text-editor:not(.elementor-drop-cap-view-default) .elementor-drop-cap-letter{width:1em;height:1em}.elementor-widget-text-editor .elementor-drop-cap{float:left;text-align:center;line-height:1;font-size:50px}.elementor-widget-text-editor .elementor-drop-cap-letter{display:inline-block}<\/style>\t\t\t\t<p>Katharina erhielt eine breit gef\u00e4cherte Architekturausbildung an der Technischen Universit\u00e4t Berlin und an der Pontifica Cat\u00f3lica de Santiago de Chile. Seit 2016 arbeitet sie in verschiedenen Architektur und Designb\u00fcros, unter anderem in Berlin und Graz.<\/p><p><span style=\"caret-color: #000000; color: #000000; font-family: 'Roboto Slab', sans-serif; font-size: 16px; text-align: justify; white-space: pre-wrap;\">\u00a0<\/span><\/p><p class=\" translation-block\">Ihr Designansatz ist auf den Menschen ausgerichtet und konzentriert sich auf kreisf\u00f6rmiges Design, st\u00e4dtische Nachverdichtung und nat\u00fcrliche Baumaterialien. Mit diesem Ansatz hat sie bereits erfolgreich an mehreren internationalen Designwettbewerben teilgenommen. Das Entwerfen mit Holz ist ihr ein besonderes Anliegen, da es eines der wenigen Baumaterialien ist, das CO\u00b2 direkt speichern kann und somit zur Klimaneutralit\u00e4t beitr\u00e4gt. Sie ist fasziniert von den sich abzeichnenden Innovationen in diesem Bereich, die es erm\u00f6glichen, Elemente miteinander zu kombinieren und damit neue Wege im modularen Bauen zu beschreiten. Aber auch in kleinerem Ma\u00dfstab begeistert sie sich f\u00fcr Holz. W\u00e4hrend ihrer Zeit in Chile entwarf und produzierte sie einen Stuhl aus Multiplex, der sich durch sein funktionales Design positiv auf die K\u00f6rperhaltung auswirkt. (<a style=\"margin: 0px;padding: 0px;border: 0px;line-height: inherit;vertical-align: baseline;font-family: inherit;font-style: inherit\" href=\"https:\/\/katharinazull.com\/el-posturador\/\" target=\"_blank\" rel=\"noopener\">Posturador<\/a>).<\/p><p><span style=\"caret-color: #000000; color: #000000; font-family: 'Roboto Slab', sans-serif; font-size: 16px; text-align: justify; white-space: pre-wrap;\"><br \/><\/span><\/p><p>Aktuell arbeitet sie selbst\u00e4ndig als Architektin (M.Sc.) und 3D-Artist mit internationalen Kunden zusammen und unterst\u00fctzt zudem das Berliner Start-up ecoworks dabei, Bestandsgeb\u00e4ude klimaneutral zu renovieren. Dar\u00fcberhinaus ist sie als Dozentin f\u00fcr Interior Design am Institut f\u00fcr Innenarchitektur Dresden t\u00e4tig.<\/p>\t\t\t\t\t\t<\/div>\n\t\t\t\t<\/div>\n\t\t\t\t<div class=\"elementor-element elementor-element-3167d8e elementor-widget-divider--view-line elementor-widget elementor-widget-divider\" data-id=\"3167d8e\" data-element_type=\"widget\" data-widget_type=\"divider.default\">\n\t\t\t\t<div class=\"elementor-widget-container\">\n\t\t\t<style>\/*! elementor - v3.17.0 - 25-10-2023 *\/\n.elementor-widget-divider{--divider-border-style:none;--divider-border-width:1px;--divider-color:#0c0d0e;--divider-icon-size:20px;--divider-element-spacing:10px;--divider-pattern-height:24px;--divider-pattern-size:20px;--divider-pattern-url:none;--divider-pattern-repeat:repeat-x}.elementor-widget-divider .elementor-divider{display:flex}.elementor-widget-divider .elementor-divider__text{font-size:15px;line-height:1;max-width:95%}.elementor-widget-divider .elementor-divider__element{margin:0 var(--divider-element-spacing);flex-shrink:0}.elementor-widget-divider .elementor-icon{font-size:var(--divider-icon-size)}.elementor-widget-divider .elementor-divider-separator{display:flex;margin:0;direction:ltr}.elementor-widget-divider--view-line_icon .elementor-divider-separator,.elementor-widget-divider--view-line_text .elementor-divider-separator{align-items:center}.elementor-widget-divider--view-line_icon .elementor-divider-separator:after,.elementor-widget-divider--view-line_icon .elementor-divider-separator:before,.elementor-widget-divider--view-line_text .elementor-divider-separator:after,.elementor-widget-divider--view-line_text .elementor-divider-separator:before{display:block;content:\"\";border-bottom:0;flex-grow:1;border-top:var(--divider-border-width) var(--divider-border-style) var(--divider-color)}.elementor-widget-divider--element-align-left .elementor-divider .elementor-divider-separator>.elementor-divider__svg:first-of-type{flex-grow:0;flex-shrink:100}.elementor-widget-divider--element-align-left .elementor-divider-separator:before{content:none}.elementor-widget-divider--element-align-left .elementor-divider__element{margin-left:0}.elementor-widget-divider--element-align-right .elementor-divider .elementor-divider-separator>.elementor-divider__svg:last-of-type{flex-grow:0;flex-shrink:100}.elementor-widget-divider--element-align-right .elementor-divider-separator:after{content:none}.elementor-widget-divider--element-align-right .elementor-divider__element{margin-right:0}.elementor-widget-divider:not(.elementor-widget-divider--view-line_text):not(.elementor-widget-divider--view-line_icon) .elementor-divider-separator{border-top:var(--divider-border-width) var(--divider-border-style) var(--divider-color)}.elementor-widget-divider--separator-type-pattern{--divider-border-style:none}.elementor-widget-divider--separator-type-pattern.elementor-widget-divider--view-line .elementor-divider-separator,.elementor-widget-divider--separator-type-pattern:not(.elementor-widget-divider--view-line) .elementor-divider-separator:after,.elementor-widget-divider--separator-type-pattern:not(.elementor-widget-divider--view-line) .elementor-divider-separator:before,.elementor-widget-divider--separator-type-pattern:not([class*=elementor-widget-divider--view]) .elementor-divider-separator{width:100%;min-height:var(--divider-pattern-height);-webkit-mask-size:var(--divider-pattern-size) 100%;mask-size:var(--divider-pattern-size) 100%;-webkit-mask-repeat:var(--divider-pattern-repeat);mask-repeat:var(--divider-pattern-repeat);background-color:var(--divider-color);-webkit-mask-image:var(--divider-pattern-url);mask-image:var(--divider-pattern-url)}.elementor-widget-divider--no-spacing{--divider-pattern-size:auto}.elementor-widget-divider--bg-round{--divider-pattern-repeat:round}.rtl .elementor-widget-divider .elementor-divider__text{direction:rtl}.e-con-inner>.elementor-widget-divider,.e-con>.elementor-widget-divider{width:var(--container-widget-width,100%);--flex-grow:var(--container-widget-flex-grow)}<\/style>\t\t<div class=\"elementor-divider\">\n\t\t\t<span class=\"elementor-divider-separator\">\n\t\t\t\t\t\t<\/span>\n\t\t<\/div>\n\t\t\t\t<\/div>\n\t\t\t\t<\/div>\n\t\t\t\t<div class=\"elementor-element elementor-element-5a6a860 wpr-button-icon-style-inline wpr-button-icon-position-right elementor-widget elementor-widget-wpr-button\" data-id=\"5a6a860\" data-element_type=\"widget\" data-widget_type=\"wpr-button.default\">\n\t\t\t\t<div class=\"elementor-widget-container\">\n\t\t\t\t\n\t\t\t\n\t\t\n\t\t<div class=\"wpr-button-wrap elementor-clearfix\">\n\t\t<a class=\"wpr-button wpr-button-effect wpr-button-none\" data-text=\"Go\" href=\"https:\/\/katharinazull.com\/de\/contact\/\">\n\t\t\t\n\t\t\t<span class=\"wpr-button-content\">\n\t\t\t\t\t\t\t\t\t<span class=\"wpr-button-text\">Schreib mir!<\/span>\n\t\t\t\t\t\t\t\t\n\t\t\t\t\t\t\t<\/span>\n\t\t<\/a>\n\n\t\t\t\t<\/div>\n\t\n\t\n\t\t\t<\/div>\n\t\t\t\t<\/div>\n\t\t\t\t\t<\/div>\n\t\t<\/div>\n\t\t\t\t\t\t\t<\/div>\n\t\t<\/section>\n\t\t\t\t\t<\/div>\n\t\t<\/div>\n\t\t\t\t\t\t\t<\/div>\n\t\t<\/section>\n\t\t\t\t\t\t\t<\/div>","protected":false},"excerpt":{"rendered":"<p>Katharina Zull Katharina received a wide-ranging architectural education at the Technical University of Berlin and at the Pontifica Cat\u00f3lica de Santiago de Chile. Since 2016, she has worked in various architectural practices, including Berlin and Graz. \u00a0 Her design approach is human-centered with a focus on circular design, urban redensification and natural building materials. With [&hellip;]<\/p>","protected":false},"author":1,"featured_media":0,"parent":0,"menu_order":0,"comment_status":"closed","ping_status":"closed","template":"","meta":[],"_links":{"self":[{"href":"https:\/\/katharinazull.com\/de\/wp-json\/wp\/v2\/pages\/40"}],"collection":[{"href":"https:\/\/katharinazull.com\/de\/wp-json\/wp\/v2\/pages"}],"about":[{"href":"https:\/\/katharinazull.com\/de\/wp-json\/wp\/v2\/types\/page"}],"author":[{"embeddable":true,"href":"https:\/\/katharinazull.com\/de\/wp-json\/wp\/v2\/users\/1"}],"replies":[{"embeddable":true,"href":"https:\/\/katharinazull.com\/de\/wp-json\/wp\/v2\/comments?post=40"}],"version-history":[{"count":121,"href":"https:\/\/katharinazull.com\/de\/wp-json\/wp\/v2\/pages\/40\/revisions"}],"predecessor-version":[{"id":5801,"href":"https:\/\/katharinazull.com\/de\/wp-json\/wp\/v2\/pages\/40\/revisions\/5801"}],"wp:attachment":[{"href":"https:\/\/katharinazull.com\/de\/wp-json\/wp\/v2\/media?parent=40"}],"curies":[{"name":"wp","href":"https:\/\/api.w.org\/{rel}","templated":true}]}}